{"id":3024,"date":"2023-09-19T12:22:29","date_gmt":"2023-09-19T09:22:29","guid":{"rendered":"https:\/\/gis.geoecomar.ro\/pnrr\/?page_id=3024"},"modified":"2023-09-19T13:59:39","modified_gmt":"2023-09-19T10:59:39","slug":"detalii-proiect","status":"publish","type":"page","link":"https:\/\/gis.geoecomar.ro\/pnrr\/ro\/detalii-proiect\/","title":{"rendered":"Detalii proiect"},"content":{"rendered":"<section class=\"wpb-content-wrapper\"><p>[vc_row][vc_column]<div class=\"sticky-nav-wrapper\"><div class=\"porto-sticky-nav nav-secondary  wpb_custom_89d1129036c32b71e12a9f638b1bfbc2\" data-plugin-options=\"{&quot;minWidth&quot;:991}\"><div class=\"container\"><ul class=\"nav nav-pills nav-pills-primary\"><li class=\" wpb_custom_f467188542ec4ac4954ace07e597ebd6\"><a href=\"#objectives\">Obiective<\/a><\/li><li class=\" wpb_custom_f467188542ec4ac4954ace07e597ebd6\"><a href=\"#methods\">Metode<\/a><\/li><li class=\" wpb_custom_f467188542ec4ac4954ace07e597ebd6\"><a href=\"#wp\">Pachete lucru<\/a><\/li><\/ul><\/div><\/div><\/div>[\/vc_column][\/vc_row][vc_row wrap_container=&#8221;yes&#8221; css=&#8221;.vc_custom_1695108084384{padding-top: 50px !important;}&#8221; el_id=&#8221;objectives&#8221; conditional_render=&#8221;%5B%7B%22value_role%22%3A%22administrator%22%7D%5D&#8221;][vc_column][vc_column_text]<\/p>\n<h2 class=\"mb-2\"><strong class=\"font-weight-extra-bold\">Obiective<\/strong><\/h2>\n<p>Acest proiect \u00ee\u0219i propune s\u0103 investigheze \u00eenregistr\u0103rile geologice ale megalacurilor Paratethys \u0219i Euxinic (Marea Neagr\u0103), prin utilizarea unei abord\u0103ri multidisciplinare, care se bazeaz\u0103 pe integrarea biostratigrafiei de \u00eenalt\u0103 rezolu\u021bie, geochimiei organice \u0219i proxy geochimici (izotopi de stron\u021biu), combinate cu tehnici geocronologice (paleomagnetism \u0219i datare Ar\/Ar), pentru a r\u0103spunde la urm\u0103toarele \u00eentreb\u0103ri:<\/p>\n<style>#porto-info-list95848192469de5e17ee698 i { color: #0088cc;font-size: 24px; }<\/style><ul id=\"porto-info-list95848192469de5e17ee698\" class=\"porto-info-list \"><li class=\"porto-info-list-item\"><i class=\"porto-info-icon fa fa-question-circle\"><\/i><div class=\"porto-info-list-item-desc\">Ce se \u00eent\u00e2mpl\u0103 \u00een timpul \u0219i dup\u0103 formarea megalacurilor, din cauza deconectarii m\u0103rilor marginale de oceanul planetar?<\/div><\/li><li class=\"porto-info-list-item\"><i class=\"porto-info-icon fa fa-question-circle\"><\/i><div class=\"porto-info-list-item-desc\">Ce se \u00eent\u00e2mpl\u0103 \u00een timpul \u0219i dup\u0103 dispari\u021bia megalacurilor din cauza reconectarii cu oceanul planetar?<\/div><\/li><li class=\"porto-info-list-item\"><i class=\"porto-info-icon fa fa-question-circle\"><\/i><div class=\"porto-info-list-item-desc\">Care este ritmul endemismului?<\/div><\/li><li class=\"porto-info-list-item\"><i class=\"porto-info-icon fa fa-question-circle\"><\/i><div class=\"porto-info-list-item-desc\">Care au fost impacturile \u0219i implica\u021biile modific\u0103rilor paleohidrologice observate, dincolo de regiunea Paratethys-Euxinic?<\/div><\/li><\/ul>[\/vc_column_text][\/vc_column][\/vc_row][vc_row wrap_container=&#8221;yes&#8221; el_id=&#8221;methods&#8221; conditional_render=&#8221;%5B%7B%22value_role%22%3A%22administrator%22%7D%5D&#8221;][vc_column][vc_column_text]<\/p>\n<h2 class=\"mb-2\"><strong class=\"font-weight-extra-bold\">Metode<\/strong><\/h2>\n<p>Pe parcursul proiectului vom efectua investiga\u021bii multidisciplinare axate pe geocronologie (<em>magnetostratigrafie<\/em>, <em>tefrocronologie<\/em> \u0219i <em>stratigrafie<\/em>), biostratigrafie (<em>micro<\/em>&#8211; \u0219i <em>nannofosile<\/em>), geochimie organic\u0103 \u0219i anorganic\u0103 (<em>analize <sup>87<\/sup>Sr\/<sup>86<\/sup>Sr \u0219i <sup>187<\/sup>Os\/<sup>188<\/sup>Os, izotopi stabili<\/em>), sedimentologie, petrografie, paleomagnetism \u015fi reconstituiri paleogeografice. Vom combina infrastructura de cercetare a Institutului GeoEcoMar cu re\u021beaua european\u0103 de cercetare. Echipa de proiect va putea folosi laboratorul paleomagnetic al Universit\u0103\u021bii din Utrecht pentru studii de magnetostratigrafie (f\u0103r\u0103 costuri), laboratorul Institutului de Cercetare Climatic\u0103 Senckenberg pentru studii de geochimie organic\u0103.[\/vc_column_text][\/vc_column][\/vc_row][vc_row wrap_container=&#8221;yes&#8221; el_id=&#8221;wp&#8221; el_class=&#8221;mb-4&#8243; conditional_render=&#8221;%5B%7B%22value_role%22%3A%22administrator%22%7D%5D&#8221;][vc_column][vc_column_text]<\/p>\n<h2 class=\"mb-2\"><strong class=\"font-weight-extra-bold\">Pachete lucru<br \/>\n<\/strong><\/h2>\n<ol class=\"list list-ordened list-ordened-style-3\">\n<li><strong>Pachetul de lucru 1 (WP1)<\/strong> va fi dezvoltat \u00een primele 12 luni ale proiectului \u0219i se va concentra pe <strong>apari\u021bia megalacurilor<\/strong>. \u00cen aceast\u0103 faz\u0103, echipa se va concentra pe investigarea episoadelor de izolare de oceanul planetar \u0219i a consecin\u021belor acestora \u00een arealele Paratethys \u0219i Euxinic. Pentru Paratethys, vom efectua probare pe teren \u00een succesiuni din Miocenul mediu p\u00e2n\u0103 la superior ale Paratethys Panonian \u0219i Bazinul Transilvaniei (ex., <em>Na\u0161ice &#8211; Croa\u021bia, Com\u0103ne\u0219ti, Oarba de Mure\u0219 &#8211; Rom\u00e2nia<\/em>). Aceste bazine se afl\u0103 \u00een zone apropiate de Str\u00e2mtoarea Sloven\u0103, cunoscut\u0103 \u0219i sub numele de <em>Trans-Tethyan Seaway<\/em><sup>22<\/sup>, care lega Paratethysul de Marea Mediteran\u0103 \u00een timpul Miocenului mediu. Postdoc3 \u0219i Postdoc4 vor lucra \u00eempreun\u0103 cu PhD3 pentru a identifica o serie de sec\u021biuni secundare care s\u0103 permit\u0103 o \u00eenregistrare geologic\u0103 compozit\u0103 cuprinz\u00e2nd substadiile regionale sarma\u021biene, cu un interval de 13-11 milioane de ani (Ma). Pe sec\u021biunea compozit\u0103, PhD3 va preleva probe paleomagnetice \u0219i strate de cenu\u0219\u0103 vulcanic\u0103 pentru datarea tefrocronologic\u0103 Ar\/Ar. Acelea\u0219i niveluri prelevate pentru magnetostratigrafie vor fi utilizate pentru biostratigrafie, adic\u0103 investiga\u021biile cu foraminifere (Postdoc3) \u0219i nannofosile (Postdoc2). Macrofosilele g\u0103site \u00een siturile investigate vor fi investigate de Postdoc4, care va efectua \u0219i analize <sup>87<\/sup>Sr\/<sup>86<\/sup>Sr, <sup>187<\/sup>Os\/<sup>188<\/sup>Os \u0219i analize de izotopi stabili asupra microfaunei (foraminifere \u0219i ostracode) \u0219i macrofaunei (din\u021bi, otolite \u0219i oase) selectate. Rezultatele vor fi integrate \u00eentr-un cadru cronologic folosind modelul de v\u00e2rst\u0103 dezvoltat de PhD3 \u00een colaborare cu directorul de proiect \u0219i al\u021bi cercet\u0103tori seniori. PhD4 va lucra la dezvoltarea reconstituirilor paleogeografice ale Paratethysului \u00een perioada Sarma\u021bianului, pornind de la h\u0103r\u021bile litofaciale existente cu actualiz\u0103ri din studiile de teren.<\/li>\n<li><strong>Pachetul de lucru 2 (WP2)<\/strong> va fi dezvoltat \u00een al doilea an al proiectului \u0219i se va concentra pe <strong>dispari\u021bia megalacurilor<\/strong>. \u00cen aceast\u0103 faz\u0103, echipa se va concentra pe investigarea episoadelor de reconectare cu oceanul global \u0219i a consecin\u021belor acestora \u00een arealele Paratethys \u0219i Euxinic. Pentru Paratethys, vom efectua prelevare de probe pe teren \u00een succesiuni de v\u00e2rst\u0103 Miocen superior din Bazinul Getic \u0219i Bazinul Dacic (ex., Cerna, Dara \u0219i Ru\u0219av\u0103\u021bu &#8211; Rom\u00e2nia); Bazinul M\u0103rii Negre (Kavarna \u0219i Kaliakra &#8211; Bulgaria) \u0219i bazinele Egee de Nord (Bazinul Strymon, Ano Koufonisi \u0219i Kato Koufonisi &#8211; Grecia) din Paratethys. Aceste bazine se afl\u0103 \u00een zonele apropiate de Str\u00e2mtoarea Egee, leg\u0103tura marin\u0103 care traversa <em>Str\u00e2mtoarea Cyclades<\/em><sup>23<\/sup> leg\u00e2nd Paratethysul de Marea Mediteran\u0103 \u00een timpul Miocenului superior. Sec\u021biunile din bazinul Getic-Dacic \u0219i din Marea Neagr\u0103 au fost deja prelevate; \u00een cazul sec\u021biunilor grece\u0219ti, vom folosi sec\u021biuni clasice care se afl\u0103 revizuite \u00een publia\u021bii \u0219tiin\u021bifice<sup>24<\/sup>. Postdoc3 \u0219i Postdoc4 vor lucra \u00eempreun\u0103 cu PhD3 pentru a dezvolta o \u00eenregistrare stratigrafic\u0103 compozit\u0103 pentru stadiile regionale Sarma\u021bian superior, Maeo\u021bian \u0219i Pontian inferior (interval 8-6 Ma) \u00een bazinele Dacic, Marea Neagr\u0103 \u0219i Egee. Pe aceste sec\u021biuni compozite, Phd3 va colecta probe paleomagnetice \u0219i va e\u0219antiona stratele de tuf vulcanic pentru investiga\u021bii magnetostratigrafice \u0219i datare tefrocronologic\u0103 Ar\/Ar. Acelea\u0219i intervale vor fi prelevate pentru biostratigrafie \u0219i apoi \u00eemp\u0103r\u021bite pentru investiga\u021bii micropaleontologice (Postdoc3) \u0219i nannofosile (Postdoc2). Ca \u0219i \u00een WP1, macrofosilele g\u0103site \u00een siturile investigate vor fi cercetate de Postdoc4, care va efectua analize <sup>87<\/sup>Sr\/<sup>86<\/sup>Sr, <sup>187<\/sup>Os\/<sup>188<\/sup>Os \u0219i analize de izotopi stabili pe probele de microfaun\u0103 \u0219i macrofaun\u0103 selectate pentru caracterizarea paleomediului; PhD3 \u00een colaborare cu ceilal\u021bi membri ai echipei va dezvolta modele de v\u00e2rst\u0103 pentru sec\u021biuni care s\u0103 permit\u0103 plasarea rezultatelor \u00een context cronologic. PhD4 va lucra la dezvoltarea reconstituirilor paleogeografice ale Paratethysului \u00een timpul Miocenului inferior \u0219i superior din h\u0103r\u021bile litofaciale pre-existente cu actualiz\u0103ri din literatur\u0103 \u0219i studii de teren. Rezultatele WP2 vor fi apoi suprapuse pe reconstituirile paleogeografice \u00eentr-o baz\u0103 de date GIS.<\/li>\n<li><strong>Pachetul de lucru 3 (WP3)<\/strong> va fi dezvoltat \u00een paralel cu WP1 \u0219i WP2 \u0219i se va concentra pe apari\u021bia megalacului Euxinic (Marea Neagr\u0103 din Pleistocen). \u00cen acest caz vom investiga o colec\u021bie de carote de foraj care acoper\u0103 c\u00e2\u021biva metri ce \u00eenregistreaz\u0103 apari\u021bia lacului \u0219i dispari\u021bia acestuia. \u00cen loc s\u0103 analiz\u0103m separat aceste evenimente, vom efectua o analiz\u0103 complet\u0103 a fiec\u0103reia dintre date. Datele din Lacul Euxinic provenite din carote vor permite o cercetare de \u00eenalt\u0103 rezolu\u021bie pentru a dezv\u0103lui evenimente climatice \u0219i biologice care altfel sunt imposibil de observat. Descrierea acestor evenimente ofer\u0103 un nou nivel de detaliu care poate fi combinat cu studiul megalacului Paratethys pentru reconstituiri paleogeografice. Postdoc1, 2 \u0219i PhD1 \u0219i 2 vor efectua investiga\u021bii de \u00eenalt\u0103 rezolu\u021bie pe 8 carote de foraj din bazinul M\u0103rii Negre. Aceste carote se afl\u0103 \u00een colec\u021biile institu\u021biei gazd\u0103 \u0219i vor fi analizate \u00een laboratoarele GeoEcoMar. PhD1 \u0219i PhD2 vor oferi descrieri litologice \u0219i sedimentologice ale carotelor \u0219i vor efectua XRF, TOC \u0219i izotopi stabili de rezolu\u021bie \u00eenalt\u0103. Ei vor folosi aceea\u0219i abordare pentru probele colectate din Paratethys. Postdoc1 \u0219i 2 vor efectua investiga\u021bii petrografice \u0219i biostratigrafice asupra carotelor. Con\u021binutul de microfosile va fi analizat de Postdoc3 \u0219i probele selectate de microfaun\u0103 \u0219i macrofaun\u0103 (din\u021bi, otolite \u0219i oase) vor fi apoi studiate de Postdoc4 folosind analize <sup>87<\/sup>Sr\/<sup>86<\/sup>Sr, <sup>187<\/sup>Os\/<sup>188<\/sup>Os \u0219i izotopi stabili (ex., <sup>18<\/sup>O \u0219i <sup>13<\/sup>C).<\/li>\n<li><strong>Pachetul de lucru 4 (WP4)<\/strong> se va concentra pe studierea ritmului endemismului (foraminifere, ostracode, nannoplancton \u0219i vertebrate acvatice) \u0219i modul \u00een care apari\u021bia lor este legat\u0103 de schimb\u0103rile geochimice din bazine, schimb\u0103ri induse de izolarea <em>de<\/em> sau reconectarea <em>cu<\/em> oceanul planetar. Postdoc2, 3, 4 \u0219i PhD1 vor revizui sec\u021biuni cheie studiate din punct de vedere paleontologic pentru a data mai bine cronologia endemismului \u00een macro-, micro- \u0219i nannofosile, \u00een timp ce Postdoc1, PhD2, 3, 4 vor documenta modul \u00een care aceste modific\u0103ri sunt legate de schimb\u0103rile de mediu \u0219i vor ajuta prin dezvoltarea unor cronologii precise \u0219i suport pentru h\u0103r\u021bi. Directorul de proiect \u0219i cercet\u0103torii seniori vor fi implica\u021bi \u00een toate WP-urile.<\/li>\n<\/ol>\n<p>[\/vc_column_text][\/vc_column][\/vc_row]<\/p>\n<\/section>","protected":false},"excerpt":{"rendered":"<p>[vc_row][vc_column][\/vc_column][\/vc_row][vc_row wrap_container=&#8221;yes&#8221; css=&#8221;.vc_custom_1695108084384{padding-top: 50px !important;}&#8221; el_id=&#8221;objectives&#8221; conditional_render=&#8221;%5B%7B%22value_role%22%3A%22administrator%22%7D%5D&#8221;][vc_column][vc_column_text] Obiective Acest proiect \u00ee\u0219i propune s\u0103 investigheze \u00eenregistr\u0103rile geologice ale megalacurilor Paratethys \u0219i Euxinic (Marea Neagr\u0103), prin utilizarea unei abord\u0103ri multidisciplinare, care se bazeaz\u0103 pe integrarea biostratigrafiei de \u00eenalt\u0103 rezolu\u021bie, geochimiei organice \u0219i proxy geochimici (izotopi de stron\u021biu), combinate cu tehnici geocronologice (paleomagnetism \u0219i datare Ar\/Ar), pentru a [&hellip;]<\/p>\n","protected":false},"author":1,"featured_media":0,"parent":0,"menu_order":0,"comment_status":"closed","ping_status":"closed","template":"","meta":[],"lang":"ro","translations":{"ro":3024,"en":2996},"pll_sync_post":[],"_links":{"self":[{"href":"https:\/\/gis.geoecomar.ro\/pnrr\/wp-json\/wp\/v2\/pages\/3024"}],"collection":[{"href":"https:\/\/gis.geoecomar.ro\/pnrr\/wp-json\/wp\/v2\/pages"}],"about":[{"href":"https:\/\/gis.geoecomar.ro\/pnrr\/wp-json\/wp\/v2\/types\/page"}],"author":[{"embeddable":true,"href":"https:\/\/gis.geoecomar.ro\/pnrr\/wp-json\/wp\/v2\/users\/1"}],"replies":[{"embeddable":true,"href":"https:\/\/gis.geoecomar.ro\/pnrr\/wp-json\/wp\/v2\/comments?post=3024"}],"version-history":[{"count":6,"href":"https:\/\/gis.geoecomar.ro\/pnrr\/wp-json\/wp\/v2\/pages\/3024\/revisions"}],"predecessor-version":[{"id":3036,"href":"https:\/\/gis.geoecomar.ro\/pnrr\/wp-json\/wp\/v2\/pages\/3024\/revisions\/3036"}],"wp:attachment":[{"href":"https:\/\/gis.geoecomar.ro\/pnrr\/wp-json\/wp\/v2\/media?parent=3024"}],"curies":[{"name":"wp","href":"https:\/\/api.w.org\/{rel}","templated":true}]}}