{"id":3285,"date":"2023-12-08T16:05:34","date_gmt":"2023-12-08T13:05:34","guid":{"rendered":"https:\/\/gis.geoecomar.ro\/pnrr\/?page_id=3285"},"modified":"2023-12-08T16:57:00","modified_gmt":"2023-12-08T13:57:00","slug":"articole-media","status":"publish","type":"page","link":"https:\/\/gis.geoecomar.ro\/pnrr\/ro\/articole-media\/","title":{"rendered":"Articole media"},"content":{"rendered":"<section class=\"wpb-content-wrapper\"><p>[vc_row][vc_column][vc_column_text]<table id=\"dlp_f4fed9eb1acb9c94_1\" class=\"posts-data-table\" width=\"100%\" data-config=\"{&quot;pageLength&quot;:5,&quot;pagingType&quot;:&quot;numbers&quot;,&quot;serverSide&quot;:false,&quot;autoWidth&quot;:true,&quot;clickFilter&quot;:true,&quot;scrollOffset&quot;:15,&quot;resetButton&quot;:true,&quot;lengthMenu&quot;:[[5,10,25,50,100,-1],[5,10,25,50,100,&quot;All&quot;]],&quot;columnDefs&quot;:[{&quot;className&quot;:&quot;col-title&quot;,&quot;targets&quot;:0},{&quot;className&quot;:&quot;col-Autori&quot;,&quot;targets&quot;:1},{&quot;className&quot;:&quot;col-Website&quot;,&quot;targets&quot;:2},{&quot;className&quot;:&quot;col-file_type&quot;,&quot;targets&quot;:3},{&quot;className&quot;:&quot;col-link&quot;,&quot;targets&quot;:4}],&quot;responsive&quot;:{&quot;details&quot;:{&quot;display&quot;:&quot;child_row&quot;}},&quot;language&quot;:{&quot;info&quot;:&quot;_TOTAL_ documents&quot;,&quot;infoEmpty&quot;:&quot;0 documents&quot;,&quot;emptyTable&quot;:&quot;No matching documents.&quot;,&quot;zeroRecords&quot;:&quot;No matching documents.&quot;,&quot;totalsSingle&quot;:&quot;document&quot;,&quot;totalsPlural&quot;:&quot;documents&quot;},&quot;dom&quot;:&quot;&lt;\\&quot;posts-table-wrapper pnrr\\&quot;&lt;\\&quot;posts-table-above posts-table-controls\\&quot;fp&gt;t&lt;\\&quot;posts-table-below posts-table-controls\\&quot;p&gt;&gt;&quot;,&quot;multiDownloadButton&quot;:false,&quot;multiDownloadPosition&quot;:&quot;above&quot;,&quot;multiDownloadText&quot;:&quot;Download Selected Documents&quot;}\" data-filters=\"{&quot;file_type&quot;:{&quot;taxonomy&quot;:&quot;file_type&quot;,&quot;heading&quot;:&quot;Tip document&quot;,&quot;terms&quot;:[{&quot;name&quot;:&quot;jpg&quot;,&quot;slug&quot;:&quot;jpg&quot;},{&quot;name&quot;:&quot;mp4&quot;,&quot;slug&quot;:&quot;mp4&quot;},{&quot;name&quot;:&quot;pdf&quot;,&quot;slug&quot;:&quot;pdf&quot;}],&quot;searchColumn&quot;:&quot;hf_file_type&quot;}}\" data-order=\"[]\"><thead><tr><th class=\"all\" data-name=\"title\" data-orderable=\"true\" data-searchable=\"true\" data-priority=\"1\">Titlu<\/th><th data-name=\"cf_Autori\" data-orderable=\"true\" data-searchable=\"true\">Autori<\/th><th data-name=\"cf_Website\" data-orderable=\"true\" data-searchable=\"true\">Website<\/th><th data-name=\"file_type\" data-orderable=\"true\" data-searchable=\"true\" data-priority=\"11\">Tip document<\/th><th data-name=\"link\" data-orderable=\"false\" data-searchable=\"false\" data-priority=\"10\">Legatura<\/th><th data-name=\"hf_file_type\" data-tax=\"file_type\" data-searchable=\"true\" data-visible=\"false\">hf:file_type<\/th><\/tr><\/thead><tbody><tr id=\"post-row-3276\" class=\"post-row post-type-dlp_document dlp_document-3276 publish\"><td>Cercet\u0103tori rom\u00e2ni de la Institutul Na\u0163ional de Cercetare-Dezvoltare pentru Geologie \u0219i Geoecologie Marin\u0103 (GeoEcoMar) \u0219i Universitatea din Bucure\u0219ti intr\u0103 \u00een Cartea Recordurilor<\/td><td>Stefan Alexiu<\/td><td>Informateca.ro<\/td><td><span data-slug=\"pdf\">pdf<\/span><\/td><td><div class=\"dlp-table-document-link-wrap\"><a href=\"https:\/\/gis.geoecomar.ro\/pnrr\/wp-content\/uploads\/2023\/12\/Cercetatori-romani-de-la-Institutul-National-de-Cercetare-Dezvoltare-pentru-Geologie-si-Geo-ecologie-Marina-GeoEcoMar-si-Universitatea-din-Bucuresti-intra-in-Cartea-Recordurilor-Informateca.pdf\" class=\"dlp-download-link dlp-download-button document-library-pro-button button btn\" data-download-id=\"3276\" target=\"_blank\" ><div class=\"dlp-icon download dlp-button-icon dlp-button-icon-text\"><svg xmlns=\"http:\/\/www.w3.org\/2000\/svg\" viewBox=\"0 0 512 512\" aria-label=\"Download\"><path fill=\"currentColor\" d=\"M216 0h80c13.3 0 24 10.7 24 24v168h87.7c17.8 0 26.7 21.5 14.1 34.1L269.7 378.3c-7.5 7.5-19.8 7.5-27.3 0L90.1 226.1c-12.6-12.6-3.7-34.1 14.1-34.1H192V24c0-13.3 10.7-24 24-24zm296 376v112c0 13.3-10.7 24-24 24H24c-13.3 0-24-10.7-24-24V376c0-13.3 10.7-24 24-24h146.7l49 49c20.1 20.1 52.5 20.1 72.6 0l49-49H488c13.3 0 24 10.7 24 24zm-124 88c0-11-9-20-20-20s-20 9-20 20 9 20 20 20 20-9 20-20zm64 0c0-11-9-20-20-20s-20 9-20 20 9 20 20 20 20-9 20-20z\"><\/path><\/svg><\/div>Descarca<\/a><a href=\"javascript:void(0)\" class=\"dlp-preview-button document-library-pro-button button btn\" data-download-url=\"https:\/\/gis.geoecomar.ro\/pnrr\/wp-content\/uploads\/2023\/12\/Cercetatori-romani-de-la-Institutul-National-de-Cercetare-Dezvoltare-pentru-Geologie-si-Geo-ecologie-Marina-GeoEcoMar-si-Universitatea-din-Bucuresti-intra-in-Cartea-Recordurilor-Informateca.pdf\" data-download-type=\"application\/pdf\" data-title=\"Cercet\u0103tori rom\u00e2ni de la Institutul Na\u0163ional de Cercetare-Dezvoltare pentru Geologie \u0219i Geoecologie Marin\u0103 (GeoEcoMar) \u0219i Universitatea din Bucure\u0219ti intr\u0103 \u00een Cartea Recordurilor\" data-view=\"table\"><div class=\"dlp-icon preview dlp-button-icon\"><svg xmlns=\"http:\/\/www.w3.org\/2000\/svg\" viewBox=\"0 0 512 512\" aria-label=\"Preview\"><path fill=\"currentColor\" d=\"M505 442.7L405.3 343c-4.5-4.5-10.6-7-17-7H372c27.6-35.3 44-79.7 44-128C416 93.1 322.9 0 208 0S0 93.1 0 208s93.1 208 208 208c48.3 0 92.7-16.4 128-44v16.3c0 6.4 2.5 12.5 7 17l99.7 99.7c9.4 9.4 24.6 9.4 33.9 0l28.3-28.3c9.4-9.4 9.4-24.6.1-34zM208 336c-70.7 0-128-57.2-128-128 0-70.7 57.2-128 128-128 70.7 0 128 57.2 128 128 0 70.7-57.2 128-128 128z\"><\/path><\/svg><\/div><\/a><\/div><\/td><td>pdf<\/td><\/tr><tr id=\"post-row-3277\" class=\"post-row post-type-dlp_document dlp_document-3277 publish\"><td>Cercet\u0103tori rom\u00e2ni de la Institutul Na\u0163ional de Cercetare-Dezvoltare pentru Geologie \u0219i Geoecologie Marin\u0103 (GeoEcoMar) \u0219i Universitatea din Bucure\u0219ti intr\u0103 \u00een Cartea Recordurilor<\/td><td>Publyo<\/td><td>Money.ro<\/td><td><span data-slug=\"pdf\">pdf<\/span><\/td><td><div class=\"dlp-table-document-link-wrap\"><a href=\"https:\/\/gis.geoecomar.ro\/pnrr\/wp-content\/uploads\/2023\/12\/Cercetatori-romani-de-la-Institutul-National-de-Cercetare-Dezvoltare-pentru-Geologie-si-Geo-ecologie-Marina-GeoEcoMar-si-Universitatea-din-Bucuresti-intra-in-Cartea-Recordurilor-Money.pdf\" class=\"dlp-download-link dlp-download-button document-library-pro-button button btn\" data-download-id=\"3277\" target=\"_blank\" ><div class=\"dlp-icon download dlp-button-icon dlp-button-icon-text\"><svg xmlns=\"http:\/\/www.w3.org\/2000\/svg\" viewBox=\"0 0 512 512\" aria-label=\"Download\"><path fill=\"currentColor\" d=\"M216 0h80c13.3 0 24 10.7 24 24v168h87.7c17.8 0 26.7 21.5 14.1 34.1L269.7 378.3c-7.5 7.5-19.8 7.5-27.3 0L90.1 226.1c-12.6-12.6-3.7-34.1 14.1-34.1H192V24c0-13.3 10.7-24 24-24zm296 376v112c0 13.3-10.7 24-24 24H24c-13.3 0-24-10.7-24-24V376c0-13.3 10.7-24 24-24h146.7l49 49c20.1 20.1 52.5 20.1 72.6 0l49-49H488c13.3 0 24 10.7 24 24zm-124 88c0-11-9-20-20-20s-20 9-20 20 9 20 20 20 20-9 20-20zm64 0c0-11-9-20-20-20s-20 9-20 20 9 20 20 20 20-9 20-20z\"><\/path><\/svg><\/div>Descarca<\/a><a href=\"javascript:void(0)\" class=\"dlp-preview-button document-library-pro-button button btn\" data-download-url=\"https:\/\/gis.geoecomar.ro\/pnrr\/wp-content\/uploads\/2023\/12\/Cercetatori-romani-de-la-Institutul-National-de-Cercetare-Dezvoltare-pentru-Geologie-si-Geo-ecologie-Marina-GeoEcoMar-si-Universitatea-din-Bucuresti-intra-in-Cartea-Recordurilor-Money.pdf\" data-download-type=\"application\/pdf\" data-title=\"Cercet\u0103tori rom\u00e2ni de la Institutul Na\u0163ional de Cercetare-Dezvoltare pentru Geologie \u0219i Geoecologie Marin\u0103 (GeoEcoMar) \u0219i Universitatea din Bucure\u0219ti intr\u0103 \u00een Cartea Recordurilor\" data-view=\"table\"><div class=\"dlp-icon preview dlp-button-icon\"><svg xmlns=\"http:\/\/www.w3.org\/2000\/svg\" viewBox=\"0 0 512 512\" aria-label=\"Preview\"><path fill=\"currentColor\" d=\"M505 442.7L405.3 343c-4.5-4.5-10.6-7-17-7H372c27.6-35.3 44-79.7 44-128C416 93.1 322.9 0 208 0S0 93.1 0 208s93.1 208 208 208c48.3 0 92.7-16.4 128-44v16.3c0 6.4 2.5 12.5 7 17l99.7 99.7c9.4 9.4 24.6 9.4 33.9 0l28.3-28.3c9.4-9.4 9.4-24.6.1-34zM208 336c-70.7 0-128-57.2-128-128 0-70.7 57.2-128 128-128 70.7 0 128 57.2 128 128 0 70.7-57.2 128-128 128z\"><\/path><\/svg><\/div><\/a><\/div><\/td><td>pdf<\/td><\/tr><tr id=\"post-row-3278\" class=\"post-row post-type-dlp_document dlp_document-3278 publish\"><td>Cercet\u0103tori rom\u00e2ni de la Institutul Na\u0163ional de Cercetare-Dezvoltare pentru Geologie \u0219i Geoecologie Marin\u0103 (GeoEcoMar) \u0219i Universitatea din Bucure\u0219ti intr\u0103 \u00een Cartea Recordurilor<\/td><td>ionita Cristian<\/td><td>ExpressPress<\/td><td><span data-slug=\"pdf\">pdf<\/span><\/td><td><div class=\"dlp-table-document-link-wrap\"><a href=\"https:\/\/gis.geoecomar.ro\/pnrr\/wp-content\/uploads\/2023\/12\/Cercetatori-romani-de-la-Institutul-National-de-Cercetare-Dezvoltare-pentru-Geologie-si-Geo-ecologie-Marina-GeoEcoMar-si-Universitatea-din-Bucuresti-intra-in-Cartea-Recordurilor.pdf\" class=\"dlp-download-link dlp-download-button document-library-pro-button button btn\" data-download-id=\"3278\" target=\"_blank\" ><div class=\"dlp-icon download dlp-button-icon dlp-button-icon-text\"><svg xmlns=\"http:\/\/www.w3.org\/2000\/svg\" viewBox=\"0 0 512 512\" aria-label=\"Download\"><path fill=\"currentColor\" d=\"M216 0h80c13.3 0 24 10.7 24 24v168h87.7c17.8 0 26.7 21.5 14.1 34.1L269.7 378.3c-7.5 7.5-19.8 7.5-27.3 0L90.1 226.1c-12.6-12.6-3.7-34.1 14.1-34.1H192V24c0-13.3 10.7-24 24-24zm296 376v112c0 13.3-10.7 24-24 24H24c-13.3 0-24-10.7-24-24V376c0-13.3 10.7-24 24-24h146.7l49 49c20.1 20.1 52.5 20.1 72.6 0l49-49H488c13.3 0 24 10.7 24 24zm-124 88c0-11-9-20-20-20s-20 9-20 20 9 20 20 20 20-9 20-20zm64 0c0-11-9-20-20-20s-20 9-20 20 9 20 20 20 20-9 20-20z\"><\/path><\/svg><\/div>Descarca<\/a><a href=\"javascript:void(0)\" class=\"dlp-preview-button document-library-pro-button button btn\" data-download-url=\"https:\/\/gis.geoecomar.ro\/pnrr\/wp-content\/uploads\/2023\/12\/Cercetatori-romani-de-la-Institutul-National-de-Cercetare-Dezvoltare-pentru-Geologie-si-Geo-ecologie-Marina-GeoEcoMar-si-Universitatea-din-Bucuresti-intra-in-Cartea-Recordurilor.pdf\" data-download-type=\"application\/pdf\" data-title=\"Cercet\u0103tori rom\u00e2ni de la Institutul Na\u0163ional de Cercetare-Dezvoltare pentru Geologie \u0219i Geoecologie Marin\u0103 (GeoEcoMar) \u0219i Universitatea din Bucure\u0219ti intr\u0103 \u00een Cartea Recordurilor\" data-view=\"table\"><div class=\"dlp-icon preview dlp-button-icon\"><svg xmlns=\"http:\/\/www.w3.org\/2000\/svg\" viewBox=\"0 0 512 512\" aria-label=\"Preview\"><path fill=\"currentColor\" d=\"M505 442.7L405.3 343c-4.5-4.5-10.6-7-17-7H372c27.6-35.3 44-79.7 44-128C416 93.1 322.9 0 208 0S0 93.1 0 208s93.1 208 208 208c48.3 0 92.7-16.4 128-44v16.3c0 6.4 2.5 12.5 7 17l99.7 99.7c9.4 9.4 24.6 9.4 33.9 0l28.3-28.3c9.4-9.4 9.4-24.6.1-34zM208 336c-70.7 0-128-57.2-128-128 0-70.7 57.2-128 128-128 70.7 0 128 57.2 128 128 0 70.7-57.2 128-128 128z\"><\/path><\/svg><\/div><\/a><\/div><\/td><td>pdf<\/td><\/tr><tr id=\"post-row-3279\" class=\"post-row post-type-dlp_document dlp_document-3279 publish\"><td>Cercet\u0103tori rom\u00e2ni de la Institutul Na\u0163ional de Cercetare-Dezvoltare pentru Geologie \u0219i Geoecologie Marin\u0103 (GeoEcoMar) \u0219i Universitatea din Bucure\u0219ti intr\u0103 \u00een Cartea Recordurilor<\/td><td>Redactia<\/td><td>Ziaristi,ro<\/td><td><span data-slug=\"pdf\">pdf<\/span><\/td><td><div class=\"dlp-table-document-link-wrap\"><a href=\"https:\/\/gis.geoecomar.ro\/pnrr\/wp-content\/uploads\/2023\/12\/Cercetatori-romani-de-la-Institutul-National-de-Cercetare-Dezvoltare-pentru-Geologie-si-Geo-ecologie-Marina-GeoEcoMar-si-Universitatea-din-Bucuresti-intra-in-Cartea-Recordurilor-Ziaristi.ro_.pdf\" class=\"dlp-download-link dlp-download-button document-library-pro-button button btn\" data-download-id=\"3279\" target=\"_blank\" ><div class=\"dlp-icon download dlp-button-icon dlp-button-icon-text\"><svg xmlns=\"http:\/\/www.w3.org\/2000\/svg\" viewBox=\"0 0 512 512\" aria-label=\"Download\"><path fill=\"currentColor\" d=\"M216 0h80c13.3 0 24 10.7 24 24v168h87.7c17.8 0 26.7 21.5 14.1 34.1L269.7 378.3c-7.5 7.5-19.8 7.5-27.3 0L90.1 226.1c-12.6-12.6-3.7-34.1 14.1-34.1H192V24c0-13.3 10.7-24 24-24zm296 376v112c0 13.3-10.7 24-24 24H24c-13.3 0-24-10.7-24-24V376c0-13.3 10.7-24 24-24h146.7l49 49c20.1 20.1 52.5 20.1 72.6 0l49-49H488c13.3 0 24 10.7 24 24zm-124 88c0-11-9-20-20-20s-20 9-20 20 9 20 20 20 20-9 20-20zm64 0c0-11-9-20-20-20s-20 9-20 20 9 20 20 20 20-9 20-20z\"><\/path><\/svg><\/div>Descarca<\/a><a href=\"javascript:void(0)\" class=\"dlp-preview-button document-library-pro-button button btn\" data-download-url=\"https:\/\/gis.geoecomar.ro\/pnrr\/wp-content\/uploads\/2023\/12\/Cercetatori-romani-de-la-Institutul-National-de-Cercetare-Dezvoltare-pentru-Geologie-si-Geo-ecologie-Marina-GeoEcoMar-si-Universitatea-din-Bucuresti-intra-in-Cartea-Recordurilor-Ziaristi.ro_.pdf\" data-download-type=\"application\/pdf\" data-title=\"Cercet\u0103tori rom\u00e2ni de la Institutul Na\u0163ional de Cercetare-Dezvoltare pentru Geologie \u0219i Geoecologie Marin\u0103 (GeoEcoMar) \u0219i Universitatea din Bucure\u0219ti intr\u0103 \u00een Cartea Recordurilor\" data-view=\"table\"><div class=\"dlp-icon preview dlp-button-icon\"><svg xmlns=\"http:\/\/www.w3.org\/2000\/svg\" viewBox=\"0 0 512 512\" aria-label=\"Preview\"><path fill=\"currentColor\" d=\"M505 442.7L405.3 343c-4.5-4.5-10.6-7-17-7H372c27.6-35.3 44-79.7 44-128C416 93.1 322.9 0 208 0S0 93.1 0 208s93.1 208 208 208c48.3 0 92.7-16.4 128-44v16.3c0 6.4 2.5 12.5 7 17l99.7 99.7c9.4 9.4 24.6 9.4 33.9 0l28.3-28.3c9.4-9.4 9.4-24.6.1-34zM208 336c-70.7 0-128-57.2-128-128 0-70.7 57.2-128 128-128 70.7 0 128 57.2 128 128 0 70.7-57.2 128-128 128z\"><\/path><\/svg><\/div><\/a><\/div><\/td><td>pdf<\/td><\/tr><tr id=\"post-row-3280\" class=\"post-row post-type-dlp_document dlp_document-3280 publish\"><td>Descoperire f\u0103cut\u0103 de o echip\u0103 condus\u0103 de un cercet\u0103tor rom\u00e2n, intrat\u0103 \u00een Cartea Recordurilor. Cel mai mare lac care a existat vreodat\u0103<\/td><td>Elena Popescu<\/td><td>gindul.ro<\/td><td><span data-slug=\"pdf\">pdf<\/span><\/td><td><div class=\"dlp-table-document-link-wrap\"><a href=\"https:\/\/gis.geoecomar.ro\/pnrr\/wp-content\/uploads\/2023\/12\/Descoperire-facuta-de-o-echipa-condusa-de-un-cercetator-roman-intrata-in-Cartea-Recordurilor.-Cel-mai-mare-lac-care-a-existat-vreodata.pdf\" class=\"dlp-download-link dlp-download-button document-library-pro-button button btn\" data-download-id=\"3280\" target=\"_blank\" ><div class=\"dlp-icon download dlp-button-icon dlp-button-icon-text\"><svg xmlns=\"http:\/\/www.w3.org\/2000\/svg\" viewBox=\"0 0 512 512\" aria-label=\"Download\"><path fill=\"currentColor\" d=\"M216 0h80c13.3 0 24 10.7 24 24v168h87.7c17.8 0 26.7 21.5 14.1 34.1L269.7 378.3c-7.5 7.5-19.8 7.5-27.3 0L90.1 226.1c-12.6-12.6-3.7-34.1 14.1-34.1H192V24c0-13.3 10.7-24 24-24zm296 376v112c0 13.3-10.7 24-24 24H24c-13.3 0-24-10.7-24-24V376c0-13.3 10.7-24 24-24h146.7l49 49c20.1 20.1 52.5 20.1 72.6 0l49-49H488c13.3 0 24 10.7 24 24zm-124 88c0-11-9-20-20-20s-20 9-20 20 9 20 20 20 20-9 20-20zm64 0c0-11-9-20-20-20s-20 9-20 20 9 20 20 20 20-9 20-20z\"><\/path><\/svg><\/div>Descarca<\/a><a href=\"javascript:void(0)\" class=\"dlp-preview-button document-library-pro-button button btn\" data-download-url=\"https:\/\/gis.geoecomar.ro\/pnrr\/wp-content\/uploads\/2023\/12\/Descoperire-facuta-de-o-echipa-condusa-de-un-cercetator-roman-intrata-in-Cartea-Recordurilor.-Cel-mai-mare-lac-care-a-existat-vreodata.pdf\" data-download-type=\"application\/pdf\" data-title=\"Descoperire f\u0103cut\u0103 de o echip\u0103 condus\u0103 de un cercet\u0103tor rom\u00e2n, intrat\u0103 \u00een Cartea Recordurilor. Cel mai mare lac care a existat vreodat\u0103\" data-view=\"table\"><div class=\"dlp-icon preview dlp-button-icon\"><svg xmlns=\"http:\/\/www.w3.org\/2000\/svg\" viewBox=\"0 0 512 512\" aria-label=\"Preview\"><path fill=\"currentColor\" d=\"M505 442.7L405.3 343c-4.5-4.5-10.6-7-17-7H372c27.6-35.3 44-79.7 44-128C416 93.1 322.9 0 208 0S0 93.1 0 208s93.1 208 208 208c48.3 0 92.7-16.4 128-44v16.3c0 6.4 2.5 12.5 7 17l99.7 99.7c9.4 9.4 24.6 9.4 33.9 0l28.3-28.3c9.4-9.4 9.4-24.6.1-34zM208 336c-70.7 0-128-57.2-128-128 0-70.7 57.2-128 128-128 70.7 0 128 57.2 128 128 0 70.7-57.2 128-128 128z\"><\/path><\/svg><\/div><\/a><\/div><\/td><td>pdf<\/td><\/tr><tr id=\"post-row-3281\" class=\"post-row post-type-dlp_document dlp_document-3281 publish\"><td>Descoperirea unei echipe de cercet\u0103tori rom\u00e2ni, publicat\u0103 \u00een Cartea Recordurilor \/ Au realizat harta celui mai mare lac din istoria planetei, Paratetis \/ Acesta ocupa cea mai mare parte din teritoriul Rom\u00e2niei<\/td><td>Redactia<\/td><td>G4Media.ro<\/td><td><span data-slug=\"pdf\">pdf<\/span><\/td><td><div class=\"dlp-table-document-link-wrap\"><a href=\"https:\/\/gis.geoecomar.ro\/pnrr\/wp-content\/uploads\/2023\/12\/Descoperirea-unei-echipe-de-cercetatori-romani-publicata-in-Cartea-Recordurilor.pdf\" class=\"dlp-download-link dlp-download-button document-library-pro-button button btn\" data-download-id=\"3281\" target=\"_blank\" ><div class=\"dlp-icon download dlp-button-icon dlp-button-icon-text\"><svg xmlns=\"http:\/\/www.w3.org\/2000\/svg\" viewBox=\"0 0 512 512\" aria-label=\"Download\"><path fill=\"currentColor\" d=\"M216 0h80c13.3 0 24 10.7 24 24v168h87.7c17.8 0 26.7 21.5 14.1 34.1L269.7 378.3c-7.5 7.5-19.8 7.5-27.3 0L90.1 226.1c-12.6-12.6-3.7-34.1 14.1-34.1H192V24c0-13.3 10.7-24 24-24zm296 376v112c0 13.3-10.7 24-24 24H24c-13.3 0-24-10.7-24-24V376c0-13.3 10.7-24 24-24h146.7l49 49c20.1 20.1 52.5 20.1 72.6 0l49-49H488c13.3 0 24 10.7 24 24zm-124 88c0-11-9-20-20-20s-20 9-20 20 9 20 20 20 20-9 20-20zm64 0c0-11-9-20-20-20s-20 9-20 20 9 20 20 20 20-9 20-20z\"><\/path><\/svg><\/div>Descarca<\/a><a href=\"javascript:void(0)\" class=\"dlp-preview-button document-library-pro-button button btn\" data-download-url=\"https:\/\/gis.geoecomar.ro\/pnrr\/wp-content\/uploads\/2023\/12\/Descoperirea-unei-echipe-de-cercetatori-romani-publicata-in-Cartea-Recordurilor.pdf\" data-download-type=\"application\/pdf\" data-title=\"Descoperirea unei echipe de cercet\u0103tori rom\u00e2ni, publicat\u0103 \u00een Cartea Recordurilor \/ Au realizat harta celui mai mare lac din istoria planetei, Paratetis \/ Acesta ocupa cea mai mare parte din teritoriul Rom\u00e2niei\" data-view=\"table\"><div class=\"dlp-icon preview dlp-button-icon\"><svg xmlns=\"http:\/\/www.w3.org\/2000\/svg\" viewBox=\"0 0 512 512\" aria-label=\"Preview\"><path fill=\"currentColor\" d=\"M505 442.7L405.3 343c-4.5-4.5-10.6-7-17-7H372c27.6-35.3 44-79.7 44-128C416 93.1 322.9 0 208 0S0 93.1 0 208s93.1 208 208 208c48.3 0 92.7-16.4 128-44v16.3c0 6.4 2.5 12.5 7 17l99.7 99.7c9.4 9.4 24.6 9.4 33.9 0l28.3-28.3c9.4-9.4 9.4-24.6.1-34zM208 336c-70.7 0-128-57.2-128-128 0-70.7 57.2-128 128-128 70.7 0 128 57.2 128 128 0 70.7-57.2 128-128 128z\"><\/path><\/svg><\/div><\/a><\/div><\/td><td>pdf<\/td><\/tr><tr id=\"post-row-3307\" class=\"post-row post-type-dlp_document dlp_document-3307 publish\"><td>Cel mai mare lac de pe P\u0103m\u00e2nt, Paratethys, descoperit de cercet\u0103tori rom\u00e2ni<\/td><td>Ioana Andreescu<\/td><td>Stirileprotv.ro<\/td><td><span data-slug=\"mp4\">mp4<\/span><\/td><td><div class=\"dlp-table-document-link-wrap\"><a href=\"https:\/\/gis.geoecomar.ro\/pnrr\/wp-content\/uploads\/2023\/12\/stirileprotv_guiness_book.mp4\" class=\"dlp-download-link dlp-download-button document-library-pro-button button btn\" data-download-id=\"3307\" target=\"_blank\"  download=\"stirileprotv_guiness_book.mp4\" type=\"video\/mp4\"><div class=\"dlp-icon download dlp-button-icon dlp-button-icon-text\"><svg xmlns=\"http:\/\/www.w3.org\/2000\/svg\" viewBox=\"0 0 512 512\" aria-label=\"Download\"><path fill=\"currentColor\" d=\"M216 0h80c13.3 0 24 10.7 24 24v168h87.7c17.8 0 26.7 21.5 14.1 34.1L269.7 378.3c-7.5 7.5-19.8 7.5-27.3 0L90.1 226.1c-12.6-12.6-3.7-34.1 14.1-34.1H192V24c0-13.3 10.7-24 24-24zm296 376v112c0 13.3-10.7 24-24 24H24c-13.3 0-24-10.7-24-24V376c0-13.3 10.7-24 24-24h146.7l49 49c20.1 20.1 52.5 20.1 72.6 0l49-49H488c13.3 0 24 10.7 24 24zm-124 88c0-11-9-20-20-20s-20 9-20 20 9 20 20 20 20-9 20-20zm64 0c0-11-9-20-20-20s-20 9-20 20 9 20 20 20 20-9 20-20z\"><\/path><\/svg><\/div>Descarca<\/a><a href=\"javascript:void(0)\" class=\"dlp-preview-button document-library-pro-button button btn\" data-download-url=\"https:\/\/gis.geoecomar.ro\/pnrr\/wp-content\/uploads\/2023\/12\/stirileprotv_guiness_book.mp4\" data-download-type=\"video\/mp4\" data-title=\"Cel mai mare lac de pe P\u0103m\u00e2nt, Paratethys, descoperit de cercet\u0103tori rom\u00e2ni\" data-view=\"table\"><div class=\"dlp-icon preview dlp-button-icon\"><svg xmlns=\"http:\/\/www.w3.org\/2000\/svg\" viewBox=\"0 0 512 512\" aria-label=\"Preview\"><path fill=\"currentColor\" d=\"M505 442.7L405.3 343c-4.5-4.5-10.6-7-17-7H372c27.6-35.3 44-79.7 44-128C416 93.1 322.9 0 208 0S0 93.1 0 208s93.1 208 208 208c48.3 0 92.7-16.4 128-44v16.3c0 6.4 2.5 12.5 7 17l99.7 99.7c9.4 9.4 24.6 9.4 33.9 0l28.3-28.3c9.4-9.4 9.4-24.6.1-34zM208 336c-70.7 0-128-57.2-128-128 0-70.7 57.2-128 128-128 70.7 0 128 57.2 128 128 0 70.7-57.2 128-128 128z\"><\/path><\/svg><\/div><\/a><\/div><\/td><td>mp4<\/td><\/tr><\/tbody><\/table>\t\t<div id=\"modal_dlp_f4fed9eb1acb9c94_1\" class=\"dlp-preview-modal\" aria-hidden=\"true\">\n\t\t\t<div class=\"dlp-preview-modal-overlay\" tabindex=\"-1\" data-dlp-preview-close=\"#modal_dlp_f4fed9eb1acb9c94_1\">\n\t\t\t\t<a class=\"dlp-preview-modal-close\" data-dlp-preview-close=\"#modal_dlp_f4fed9eb1acb9c94_1\">\n\t\t\t\t\t<div class=\"dlp-icon close\"><svg xmlns=\"http:\/\/www.w3.org\/2000\/svg\" viewBox=\"0 0 24 24\" aria-label=\"Close\"><path fill=\"currentColor\" d=\"M19 6.41L17.59 5 12 10.59 6.41 5 5 6.41 10.59 12 5 17.59 6.41 19 12 13.41 17.59 19 19 17.59 13.41 12z\" \/><path d=\"M0 0h24v24H0z\" fill=\"none\" \/><\/svg><\/div>\t\t\t\t<\/a>\n\n\t\t\t\t<div class=\"dlp-preview-modal-container\" role=\"dialog\" aria-modal=\"true\" aria-labelledby=\"dlp-preview-modal-title\">\n\t\t\t\t\t<main class=\"dlp-preview-modal-content\"><\/main>\n\t\t\t\t\t<footer class=\"dlp-preview-modal-footer\"><\/footer>\n\t\t\t\t<\/div>\n\t\t\t<\/div>\n\t\t<\/div>\n\t\t[\/vc_column_text][\/vc_column][\/vc_row]<\/p>\n<\/section>","protected":false},"excerpt":{"rendered":"<p>[vc_row][vc_column][vc_column_text][\/vc_column_text][\/vc_column][\/vc_row]<\/p>\n","protected":false},"author":1,"featured_media":0,"parent":0,"menu_order":0,"comment_status":"closed","ping_status":"closed","template":"","meta":[],"lang":"ro","translations":{"ro":3285,"en":3261},"pll_sync_post":[],"_links":{"self":[{"href":"https:\/\/gis.geoecomar.ro\/pnrr\/wp-json\/wp\/v2\/pages\/3285"}],"collection":[{"href":"https:\/\/gis.geoecomar.ro\/pnrr\/wp-json\/wp\/v2\/pages"}],"about":[{"href":"https:\/\/gis.geoecomar.ro\/pnrr\/wp-json\/wp\/v2\/types\/page"}],"author":[{"embeddable":true,"href":"https:\/\/gis.geoecomar.ro\/pnrr\/wp-json\/wp\/v2\/users\/1"}],"replies":[{"embeddable":true,"href":"https:\/\/gis.geoecomar.ro\/pnrr\/wp-json\/wp\/v2\/comments?post=3285"}],"version-history":[{"count":22,"href":"https:\/\/gis.geoecomar.ro\/pnrr\/wp-json\/wp\/v2\/pages\/3285\/revisions"}],"predecessor-version":[{"id":3312,"href":"https:\/\/gis.geoecomar.ro\/pnrr\/wp-json\/wp\/v2\/pages\/3285\/revisions\/3312"}],"wp:attachment":[{"href":"https:\/\/gis.geoecomar.ro\/pnrr\/wp-json\/wp\/v2\/media?parent=3285"}],"curies":[{"name":"wp","href":"https:\/\/api.w.org\/{rel}","templated":true}]}}