{"id":3480,"date":"2025-02-13T13:14:47","date_gmt":"2025-02-13T10:14:47","guid":{"rendered":"https:\/\/gis.geoecomar.ro\/pnrr\/?page_id=3480"},"modified":"2025-02-14T13:40:15","modified_gmt":"2025-02-14T10:40:15","slug":"hrs4r","status":"publish","type":"page","link":"https:\/\/gis.geoecomar.ro\/pnrr\/ro\/hrs4r\/","title":{"rendered":"HRS4R"},"content":{"rendered":"<section class=\"wpb-content-wrapper\"><p>[vc_row][vc_column][vc_column_text]\u00cen luna septembrie 2023, Institutul Na\u021bional de Cercetare \u2013 Dezvoltare pentru Geologie \u0219i Geoecologie marin\u0103 \u2013\u00a0GeoEcoMar a transmis c\u0103tre Comisia European\u0103\u00a0scrisoarea de angajament\u00a0privind aderarea la principiile\u00a0Cartei Europene a Cercet\u0103torilor \u0219i Codului de conduit\u0103 pentru recrutarea cercet\u0103torilor.<\/p>\n<p>Scrisoarea a fost acceptat\u0103 \u00een luna ianuarie 2024 \u0219i a fost deschis\u0103 aplica\u021bia\u00a02024RO143134.<\/p>\n<p>Institutul Na\u021bional de Cercetare \u2013 Dezvoltare pentru Geologie \u0219i Geoecologie marin\u0103 \u2013\u00a0GcoEcoMar a demarat procedura de implementare a Strategiei de resurse umane pentru cercet\u0103tori, pentru a ob\u021bine Diploma de Excelen\u021b\u0103 pentru Resursa Umana de Cercetare, prin sus\u021binerea deplin\u0103 a celor 40 de principii ale Cartei europene a cercet\u0103torilor \u0219i a Codului de Conduit\u0103 pentru recrutarea cercet\u0103torilor.[\/vc_column_text][\/vc_column][\/vc_row][vc_row][vc_column][vc_cta h2=&#8221;&#8221; color=&#8221;sky&#8221; add_button=&#8221;right&#8221; btn_title=&#8221;Click aici&#8221; btn_color=&#8221;sky&#8221; btn_i_icon_fontawesome=&#8221;fas fa-external-link-alt&#8221; btn_show_arrow=&#8221;yes&#8221; btn_add_icon=&#8221;true&#8221; btn_link=&#8221;url:https%3A%2F%2Fgeoecomar.ro%2Fbeta%2Fwp-content%2Fuploads%2F2025%2F01%2FEndorsement_commitment_implementation_HRS4R-1-1.pdf|target:_blank&#8221;]Implementarea angajamentului de aprobare HRS4R[\/vc_cta][vc_cta h2=&#8221;&#8221; add_button=&#8221;right&#8221; btn_title=&#8221;Click aici&#8221; btn_color=&#8221;sky&#8221; btn_i_icon_fontawesome=&#8221;fas fa-external-link-alt&#8221; btn_show_arrow=&#8221;yes&#8221; btn_add_icon=&#8221;true&#8221; btn_link=&#8221;url:https%3A%2F%2Fgeoecomar.ro%2Fbeta%2Fwp-content%2Fuploads%2F2025%2F01%2FDeclaration_of_Endorsement_GeoEcoMar_2023-1.pdf|target:_blank&#8221;]Declara\u021bie de aprobare\u00a0GeoEcoMar 2023[\/vc_cta][vc_cta h2=&#8221;&#8221; add_button=&#8221;right&#8221; btn_title=&#8221;Click aici&#8221; btn_color=&#8221;sky&#8221; btn_i_icon_fontawesome=&#8221;fas fa-external-link-alt&#8221; btn_show_arrow=&#8221;yes&#8221; btn_add_icon=&#8221;true&#8221; btn_link=&#8221;url:https%3A%2F%2Fgeoecomar.ro%2Fbeta%2Fwp-content%2Fuploads%2F2025%2F01%2FCARTA_CERCETATORILOR.pdf|target:_blank&#8221;]Carta Europeana a Cercet\u0103torilor \u0219i Codul de conduit\u0103 pentru recrutarea cercet\u0103torilor[\/vc_cta][\/vc_column][\/vc_row]<\/p>\n<\/section>","protected":false},"excerpt":{"rendered":"<p>[vc_row][vc_column][vc_column_text]\u00cen luna septembrie 2023, Institutul Na\u021bional de Cercetare \u2013 Dezvoltare pentru Geologie \u0219i Geoecologie marin\u0103 \u2013\u00a0GeoEcoMar a transmis c\u0103tre Comisia European\u0103\u00a0scrisoarea de angajament\u00a0privind aderarea la principiile\u00a0Cartei Europene a Cercet\u0103torilor \u0219i Codului de conduit\u0103 pentru recrutarea cercet\u0103torilor. Scrisoarea a fost acceptat\u0103 \u00een luna ianuarie 2024 \u0219i a fost deschis\u0103 aplica\u021bia\u00a02024RO143134. Institutul Na\u021bional de Cercetare \u2013 Dezvoltare [&hellip;]<\/p>\n","protected":false},"author":1,"featured_media":0,"parent":0,"menu_order":0,"comment_status":"closed","ping_status":"closed","template":"","meta":[],"lang":"ro","translations":{"ro":3480,"en":3494},"pll_sync_post":[],"_links":{"self":[{"href":"https:\/\/gis.geoecomar.ro\/pnrr\/wp-json\/wp\/v2\/pages\/3480"}],"collection":[{"href":"https:\/\/gis.geoecomar.ro\/pnrr\/wp-json\/wp\/v2\/pages"}],"about":[{"href":"https:\/\/gis.geoecomar.ro\/pnrr\/wp-json\/wp\/v2\/types\/page"}],"author":[{"embeddable":true,"href":"https:\/\/gis.geoecomar.ro\/pnrr\/wp-json\/wp\/v2\/users\/1"}],"replies":[{"embeddable":true,"href":"https:\/\/gis.geoecomar.ro\/pnrr\/wp-json\/wp\/v2\/comments?post=3480"}],"version-history":[{"count":18,"href":"https:\/\/gis.geoecomar.ro\/pnrr\/wp-json\/wp\/v2\/pages\/3480\/revisions"}],"predecessor-version":[{"id":3508,"href":"https:\/\/gis.geoecomar.ro\/pnrr\/wp-json\/wp\/v2\/pages\/3480\/revisions\/3508"}],"wp:attachment":[{"href":"https:\/\/gis.geoecomar.ro\/pnrr\/wp-json\/wp\/v2\/media?parent=3480"}],"curies":[{"name":"wp","href":"https:\/\/api.w.org\/{rel}","templated":true}]}}